{"id":2,"date":"2015-08-24T11:44:13","date_gmt":"2015-08-24T11:44:13","guid":{"rendered":"http:\/\/fairfoodstandards.org\/cms\/?page_id=2"},"modified":"2025-12-09T14:37:25","modified_gmt":"2025-12-09T14:37:25","slug":"home","status":"publish","type":"page","link":"https:\/\/www.fairfoodstandards.org\/es\/","title":{"rendered":"Consejo por Comida Justa"},"content":{"rendered":"<p>La misi\u00f3n del Consejo por Comida Justa (FFSC, por sus siglas en ingl\u00e9s) es monitorear el desarrollo de una industria agr\u00edcola sostenible que promueva los derechos humanos de las y los trabajadores agr\u00edcolas, los intereses a largo plazo de las y los productores y las preocupaciones \u00e9ticas con relaci\u00f3n a la cadena de suministro de las empresas minoristas de alimentos, a trav\u00e9s de la implementaci\u00f3n del <a href=\"https:\/\/www.fairfoodprogram.org\/\">Programa de Comida Justa<\/a>.<\/p>\n<p>Catorce a\u00f1os despu\u00e9s de su creaci\u00f3n, el Programa de Comida Justa (FFP) ha entrado en una fase de expansi\u00f3n verdaderamente dr\u00e1stica: durante 2024 y 2025, las protecciones del programa llegar\u00e1n a miles de trabajadores agr\u00edcolas adicionales, en m\u00e1s de 30 granjas adicionales en 13 nuevos estados. Este crecimiento acelerado se debi\u00f3 en gran parte a una nueva iniciativa dise\u00f1ada por el Departamento de Agricultura de EE. UU. (USDA), lanzada en 2024, para expandir el programa H-2A, o de \"trabajadores hu\u00e9spedes\", protegiendo a estos trabajadores del abuso. Como parte de ese programa piloto, el USDA design\u00f3 al FFP como el nivel m\u00e1s alto \u2014o \"platino\"\u2014 de protecci\u00f3n de los derechos humanos de los trabajadores agr\u00edcolas estadounidenses y ofreci\u00f3 a las granjas el mayor nivel de subsidios financieros para unirse al FFP, con el fin de proteger a los trabajadores hu\u00e9spedes en sus operaciones.<\/p>\n<p>As of 2025, the FFP is present in 22 states in the US as well as Chile and South Africa. The program\u2019s international growth, along with the possibility of expanding to still more countries in the years ahead, is supported by the International Labor Affairs Bureau of the U.S. Department of Labor. As a result, workers and growers in the flower industry in those countries are already benefiting from FFP implementation, with broader expansion into the fruit (South Africa) and salmon (Chile) industries on the runway.<\/p>\n<p>El FFSC est\u00e1 muy entusiasmado con estas alianzas de colaboraci\u00f3n que se han iniciado con estos nuevos productores y la posibilidad de futuro crecimiento en otros estados y pa\u00edses donde las y los productores est\u00e9n interesados en adoptar los beneficios y las protecciones \u00fanicas que ofrece el Programa de Comida Justa.<\/p>\n<div class=\"embed-responsive embed-responsive-16by9\"><iframe loading=\"lazy\" src=\"https:\/\/www.youtube.com\/embed\/Ny9YaJczqjY\" width=\"560\" height=\"315\" frameborder=\"0\" allowfullscreen=\"allowfullscreen\"><\/iframe><\/div>","protected":false},"excerpt":{"rendered":"<p>The mission of the Fair Food Standards Council (FFSC) is to monitor the development of a sustainable agricultural industry that advances the human rights of farmworkers, the long-term interests of growers, and the ethical supply chain concerns of retail food companies through implementation of the Fair Food Program. Fourteen years since its inception, the Fair&#8230;  <a href=\"https:\/\/www.fairfoodstandards.org\/es\/\" class=\"more-link\" title=\"Read Fair Food Standards Council\">Read more &raquo;<\/a><\/p>","protected":false},"author":11,"featured_media":184,"parent":0,"menu_order":1,"comment_status":"closed","ping_status":"closed","template":"page-left-sidebar.php","meta":{"_monsterinsights_skip_tracking":false,"_monsterinsights_sitenote_active":false,"_monsterinsights_sitenote_note":"","_monsterinsights_sitenote_category":0,"footnotes":""},"class_list":["post-2","page","type-page","status-publish","has-post-thumbnail","hentry"],"_links":{"self":[{"href":"https:\/\/www.fairfoodstandards.org\/es\/wp-json\/wp\/v2\/pages\/2","targetHints":{"allow":["GET"]}}],"collection":[{"href":"https:\/\/www.fairfoodstandards.org\/es\/wp-json\/wp\/v2\/pages"}],"about":[{"href":"https:\/\/www.fairfoodstandards.org\/es\/wp-json\/wp\/v2\/types\/page"}],"author":[{"embeddable":true,"href":"https:\/\/www.fairfoodstandards.org\/es\/wp-json\/wp\/v2\/users\/11"}],"replies":[{"embeddable":true,"href":"https:\/\/www.fairfoodstandards.org\/es\/wp-json\/wp\/v2\/comments?post=2"}],"version-history":[{"count":22,"href":"https:\/\/www.fairfoodstandards.org\/es\/wp-json\/wp\/v2\/pages\/2\/revisions"}],"predecessor-version":[{"id":1435,"href":"https:\/\/www.fairfoodstandards.org\/es\/wp-json\/wp\/v2\/pages\/2\/revisions\/1435"}],"wp:featuredmedia":[{"embeddable":true,"href":"https:\/\/www.fairfoodstandards.org\/es\/wp-json\/wp\/v2\/media\/184"}],"wp:attachment":[{"href":"https:\/\/www.fairfoodstandards.org\/es\/wp-json\/wp\/v2\/media?parent=2"}],"curies":[{"name":"wp","href":"https:\/\/api.w.org\/{rel}","templated":true}]}}