{"id":455,"date":"2016-11-10T15:08:37","date_gmt":"2016-11-10T15:08:37","guid":{"rendered":"http:\/\/www.fairfoodstandards.org\/?page_id=455"},"modified":"2026-04-02T13:07:33","modified_gmt":"2026-04-02T13:07:33","slug":"analyses","status":"publish","type":"page","link":"https:\/\/www.fairfoodstandards.org\/es\/resources\/analyses\/","title":{"rendered":"AN\u00c1LISIS"},"content":{"rendered":"<p>&#8220;<a href=\"https:\/\/read.dukeupress.edu\/demography\/article\/62\/6\/1973\/406173\/Worker-Driven-Social-Responsibility-and-Infant\" data-type=\"link\" data-id=\"https:\/\/read.dukeupress.edu\/demography\/article\/62\/6\/1973\/406173\/Worker-Driven-Social-Responsibility-and-Infant\">Worker-Driven Social Responsibility and Infant Health<\/a>&#8221; by Joaquin Alfredo-Angel Rubalcaba and Alberto Ortega in <em>Demography, <\/em>2025.<\/p>\n\n\n\n<p><em><a href=\"https:\/\/www.routledge.com\/Ending-Slavery-in-the-Corporate-Supply-Chain-Storytelling-Leadership-and-the-Coalition-of-Immokalee-Workers\/Herder\/p\/book\/9781032453576\" data-type=\"link\" data-id=\"https:\/\/www.routledge.com\/Ending-Slavery-in-the-Corporate-Supply-Chain-Storytelling-Leadership-and-the-Coalition-of-Immokalee-Workers\/Herder\/p\/book\/9781032453576\">Ending Slavery in the Corporate Supply Chains<\/a> <\/em>by Richard Herder, 2025.<\/p>\n\n\n\n<p>&#8220;<a href=\"https:\/\/clje.law.harvard.edu\/worker-driven-social-responsibility-a-new-proven-model-for-defining-claiming-and-protecting-workers-human-rights\/\" data-type=\"link\" data-id=\"https:\/\/clje.law.harvard.edu\/worker-driven-social-responsibility-a-new-proven-model-for-defining-claiming-and-protecting-workers-human-rights\/\">Worker-Driven Social Responsibility: A New, Proven Model for Defining, Claiming, and Protecting Workers\u2019 Human Rights<\/a>&#8221; by Dr. Susan Marquis, 2023.<\/p>\n\n\n\n<p>\u201c<a href=\"https:\/\/www.msi-integrity.org\/not-fit-for-purpose\/\">No Apto Para su Prop\u00f3sito: El Gran Experimento de Iniciativas de M\u00faltiples Partes Interesadas en Responsabilidad Empresarial, Derechos Humanos y Gobernanza Global<\/a>\" por El Instituto para la Integridad de la Iniciativa de M\u00faltiples Partes Interesadas, 2020.<\/p>\n\n\n\n<p>\u201c<a href=\"https:\/\/shiftproject.org\/wp-content\/uploads\/2018\/08\/TheHumanRightsOpportunity_Shift.pdf\">La Oportunidad de Los Derechos Humanos: 15 casos de la vida real de c\u00f3mo las empresas est\u00e1n contribuyendo a los Objetivos de Desarrollo Sostenible al poner a las personas en primer lugar<\/a>\" por Shift, 2018.<\/p>\n\n\n\n<p>\u201c<a href=\"http:\/\/ciw-online.org\/wp-content\/uploads\/HitovAsbedArticle_AuthorCopy.pdf\">Previniendo el Trabajo Forzado en las Cadenas de Suministro Corporativas: El Programa de Comida Justa y La Responsabilidad Social Dirigida por los Trabajadores<\/a>\" por Greg Asbed y Steve Hitov en&nbsp;<em>Wake Forest Law Review<\/em>, 2017.<\/p>\n\n\n\n<p>\u201c<a href=\"https:\/\/www.cornellpress.cornell.edu\/book\/9781501713088\/i-am-not-a-tractor\/#bookTabs=1\" target=\"_blank\" rel=\"noreferrer noopener\">No Soy un Tractor! C\u00f3mo los Trabajadores Agr\u00edcolas de Florida se Enfrentaron a los Gigantes de la Comida R\u00e1pida y Ganaron<\/a>\u201d by Dr. Susan Marquis, 2017.<\/p>\n\n\n\n<p>\u201c<a href=\"http:\/\/www.bloomsburyprofessional.com\/uk\/temporary-labour-migration-in-the-global-era-9781509906284\/#sthash.oDuFcAFR.dpuf\">Est\u00e1ndares de Trabajo Decentes en las Cadenas de Suministro Corporativas: El Modelo de los Trabajadores de Immokalee<\/a>\" por James J. Brudney. En&nbsp;<em>Migraci\u00f3n Laboral Temporal en la Era Global: Los Desaf\u00edos Regulatorios,&nbsp;<\/em>Hart Publishing, 2016.<\/p>\n\n\n\n<p>\u201c<a href=\"http:\/\/fairworldproject.org\/resources\/certifier-analysis\/farmworker-certification-analysis\/\">Justicia en los Campos: Un Informe Sobre el Papel de la Certificaci\u00f3n de Justicia para Trabajadores Agr\u00edcolas y una Evaluaci\u00f3n de la Eficacia de Siete Etiquetas<\/a>\" por Proyecto Mundo Justo, 2016.<\/p>\n\n\n\n<p><\/p>","protected":false},"excerpt":{"rendered":"<p>&#8220;Worker-Driven Social Responsibility and Infant Health&#8221; by Joaquin Alfredo-Angel Rubalcaba and Alberto Ortega in Demography, 2025. Ending Slavery in the Corporate Supply Chains by Richard Herder, 2025. &#8220;Worker-Driven Social Responsibility: A New, Proven Model for Defining, Claiming, and Protecting Workers\u2019 Human Rights&#8221; by Dr. Susan Marquis, 2023. \u201cNot Fit-for-Purpose: The Grand Experiment of Multi-Stakeholder Initiatives&#8230;  <a href=\"https:\/\/www.fairfoodstandards.org\/es\/resources\/analyses\/\" class=\"more-link\" title=\"Read Analyses\">Read more &raquo;<\/a><\/p>","protected":false},"author":4,"featured_media":0,"parent":12,"menu_order":0,"comment_status":"closed","ping_status":"closed","template":"","meta":{"_monsterinsights_skip_tracking":false,"_monsterinsights_sitenote_active":false,"_monsterinsights_sitenote_note":"","_monsterinsights_sitenote_category":0,"footnotes":""},"class_list":["post-455","page","type-page","status-publish","hentry"],"_links":{"self":[{"href":"https:\/\/www.fairfoodstandards.org\/es\/wp-json\/wp\/v2\/pages\/455","targetHints":{"allow":["GET"]}}],"collection":[{"href":"https:\/\/www.fairfoodstandards.org\/es\/wp-json\/wp\/v2\/pages"}],"about":[{"href":"https:\/\/www.fairfoodstandards.org\/es\/wp-json\/wp\/v2\/types\/page"}],"author":[{"embeddable":true,"href":"https:\/\/www.fairfoodstandards.org\/es\/wp-json\/wp\/v2\/users\/4"}],"replies":[{"embeddable":true,"href":"https:\/\/www.fairfoodstandards.org\/es\/wp-json\/wp\/v2\/comments?post=455"}],"version-history":[{"count":17,"href":"https:\/\/www.fairfoodstandards.org\/es\/wp-json\/wp\/v2\/pages\/455\/revisions"}],"predecessor-version":[{"id":1448,"href":"https:\/\/www.fairfoodstandards.org\/es\/wp-json\/wp\/v2\/pages\/455\/revisions\/1448"}],"up":[{"embeddable":true,"href":"https:\/\/www.fairfoodstandards.org\/es\/wp-json\/wp\/v2\/pages\/12"}],"wp:attachment":[{"href":"https:\/\/www.fairfoodstandards.org\/es\/wp-json\/wp\/v2\/media?parent=455"}],"curies":[{"name":"wp","href":"https:\/\/api.w.org\/{rel}","templated":true}]}}