{"id":73,"date":"2015-08-30T12:10:40","date_gmt":"2015-08-30T12:10:40","guid":{"rendered":"http:\/\/fairfoodstandards.org\/cms\/?page_id=73"},"modified":"2025-02-11T20:48:36","modified_gmt":"2025-02-11T20:48:36","slug":"judge-laura-safer-espinoza","status":"publish","type":"page","link":"https:\/\/www.fairfoodstandards.org\/es\/about\/judge-laura-safer-espinoza\/","title":{"rendered":"La jueza Laura Safer Espinoza"},"content":{"rendered":"<p><strong>La jueza Laura Safer Espinoza <\/strong>is the interim Executive Director for\u00a0the <a href=\"http:\/\/www.fairfoodstandards.org\/es\/\">Consejo por Comida Justa<\/a>, el cual tiene la labor de supervisar y hacer cumplir acuerdos innovadores entre trabajadores agr\u00edcolas, productores y compradores corporativos de productos agr\u00edcolas para garantizar los derechos humanos fundamentales de las y los trabajadores agr\u00edcolas. El Programa de Comida Justa ha sido reconocido por la Casa Blanca, el Grupo de Trabajo de las Naciones Unidas sobre las Empresas y los Derechos Humanos, numerosas organizaciones internacionales de derechos humanos, incluida Anti-Slavery International de Londres, Harvard Business Review y Freedom Project de CNN Internacional, como uno de los \u201cprogramas m\u00e1s exitosos e innovadores\u201d en el mundo actual para revelar y prevenir la esclavitud moderna. El FFSC hace cumplir un C\u00f3digo de Conducta de Comida Justa, cuyas disposiciones de tolerancia cero para el tr\u00e1fico de personas y la violencia sexual est\u00e1n respaldadas por fuertes consecuencias del mercado.<\/p>\n<p>La jueza Safer Espinoza es una jueza jubilada de la Corte Suprema del estado de Nueva York que sirvi\u00f3 en los condados de Nueva York y Bronx durante veinte a\u00f1os. Tambi\u00e9n ocup\u00f3 el cargo de Jueza Supervisora Adjunta del Condado de Bronx durante cinco a\u00f1os. La se\u00f1ora jueza ayud\u00f3 a dise\u00f1ar y se convirti\u00f3 en la primera jueza en presidir una alternativa innovadora al tribunal de encarcelamiento para delincuentes no violentos. Esta alternativa se convirti\u00f3 en un modelo exitoso a nivel nacional e internacional.<\/p>\n<p>La jueza Safer Espinoza tiene un extenso historial de trabajo con organizaciones gubernamentales, de derechos humanos y legales en los Estados Unidos y Am\u00e9rica Latina. Ha dado numerosas clases y conferencias en Am\u00e9rica Latina, trabajando con numerosas organizaciones, incluido el Departamento de Estado de los EE.UU., la Conferencia de Fiscales Generales de Occidente, facultades de derecho, universidades, gobiernos y organizaciones no gubernamentales, para apoyar los esfuerzos de reforma legal mediante la capacitaci\u00f3n a activistas en sistemas legales m\u00e1s transparentes. A partir de 1998, la jueza Safer Espinoza ayud\u00f3 a dise\u00f1ar e impartir las primeras clases de defensa e incidencia en juicios orales en Temuco, Chile; el cual se convirti\u00f3 luego en parte de la regi\u00f3n piloto para la implementaci\u00f3n de la reforma de derecho penal. La jueza Safer Espinoza tambi\u00e9n ayud\u00f3 a lanzar y asesorar a los tribunales de tratamiento en Chile y Brasil, que brindan alternativas al encarcelamiento para los acusados que padecen adicci\u00f3n a las drogas y\/o enfermedades mentales. Fue autora del cap\u00edtulo seminal del primer libro chileno sobre tribunales alternativos en el 2006. Desde el 2009 hasta el 2011, la jueza Safer Espinoza dise\u00f1\u00f3 y dirigi\u00f3 capacitaciones para miles de jueces y abogados en M\u00e9xico.<\/p>\n<p><iframe loading=\"lazy\" title=\"Judge Laura Safer Espinoza - Congressional Testimony 2018\" width=\"580\" height=\"435\" src=\"https:\/\/www.youtube.com\/embed\/aAyA4qmYxh8?feature=oembed\" frameborder=\"0\" allow=\"accelerometer; autoplay; clipboard-write; encrypted-media; gyroscope; picture-in-picture; web-share\" referrerpolicy=\"strict-origin-when-cross-origin\" allowfullscreen><\/iframe><\/p>\n<p>La jueza Safer Espinoza recibi\u00f3 su B.A. de Barnard College y su J.D. cum laude de la Facultad de Derecho de Nueva York. Recibi\u00f3 el Premio Mujeres en la Ley de la Universidad de la Ciudad de Nueva York y el <a href=\"https:\/\/encore.org\/purpose-prize\/laura-safer-espinoza\">Premio Prop\u00f3sito 2015,<\/a>\u00a0otorgado a personas distinguidas que utilizan la experiencia adquirida en sus carreras anteriores para lograr un impacto significativo.<\/p>","protected":false},"excerpt":{"rendered":"<p>Judge Laura Safer Espinoza is the interim Executive Director for\u00a0the Fair Food Standards Council, which monitors and enforces groundbreaking agreements between agricultural workers, growers, and corporate buyers of produce to ensure fundamental human rights for workers in agriculture. The Fair Food Program has been recognized by the White House, the United Nations Working Group on&#8230;  <a href=\"https:\/\/www.fairfoodstandards.org\/es\/about\/judge-laura-safer-espinoza\/\" class=\"more-link\" title=\"Read Judge Laura Safer Espinoza\">Read more &raquo;<\/a><\/p>","protected":false},"author":11,"featured_media":0,"parent":5,"menu_order":0,"comment_status":"closed","ping_status":"closed","template":"page-left-sidebar.php","meta":{"_monsterinsights_skip_tracking":false,"_monsterinsights_sitenote_active":false,"_monsterinsights_sitenote_note":"","_monsterinsights_sitenote_category":0,"footnotes":""},"class_list":["post-73","page","type-page","status-publish","hentry"],"_links":{"self":[{"href":"https:\/\/www.fairfoodstandards.org\/es\/wp-json\/wp\/v2\/pages\/73","targetHints":{"allow":["GET"]}}],"collection":[{"href":"https:\/\/www.fairfoodstandards.org\/es\/wp-json\/wp\/v2\/pages"}],"about":[{"href":"https:\/\/www.fairfoodstandards.org\/es\/wp-json\/wp\/v2\/types\/page"}],"author":[{"embeddable":true,"href":"https:\/\/www.fairfoodstandards.org\/es\/wp-json\/wp\/v2\/users\/11"}],"replies":[{"embeddable":true,"href":"https:\/\/www.fairfoodstandards.org\/es\/wp-json\/wp\/v2\/comments?post=73"}],"version-history":[{"count":29,"href":"https:\/\/www.fairfoodstandards.org\/es\/wp-json\/wp\/v2\/pages\/73\/revisions"}],"predecessor-version":[{"id":1283,"href":"https:\/\/www.fairfoodstandards.org\/es\/wp-json\/wp\/v2\/pages\/73\/revisions\/1283"}],"up":[{"embeddable":true,"href":"https:\/\/www.fairfoodstandards.org\/es\/wp-json\/wp\/v2\/pages\/5"}],"wp:attachment":[{"href":"https:\/\/www.fairfoodstandards.org\/es\/wp-json\/wp\/v2\/media?parent=73"}],"curies":[{"name":"wp","href":"https:\/\/api.w.org\/{rel}","templated":true}]}}